{"id":167,"date":"2021-08-10T09:19:37","date_gmt":"2021-08-10T09:19:37","guid":{"rendered":"http:\/\/www.inf.unibz.it\/~tpsales\/?page_id=167"},"modified":"2022-06-21T10:58:42","modified_gmt":"2022-06-21T10:58:42","slug":"projects","status":"publish","type":"page","link":"https:\/\/www.inf.unibz.it\/~tpsales\/projects\/","title":{"rendered":"Projects"},"content":{"rendered":"\n<p><strong>RiskGraph2: Ontology-based construction and evolution of risk modeling knowledge graphs<\/strong> <br><em>Contributor<\/em><br>Funded by Accenture Israel Cyber R&amp;D Lab, Israel<br>June 2021 &#8211; June 2023<\/p>\n\n\n\n<hr class=\"wp-block-separator is-style-wide\"\/>\n\n\n\n<p><strong>THOR<\/strong>: <strong>Thesaurus and ontological representation in healthcare<\/strong><br><em><span style=\"text-decoration: underline;\">Principal investigator<\/span><\/em><br>Funded by the Zorginstituut Nederland, The Netherlands<br>January 2021 &#8211; October 2021<\/p>\n\n\n\n<hr class=\"wp-block-separator is-style-wide\"\/>\n\n\n\n<p><strong><strong>AlpineBits DestinationData<\/strong><\/strong><br><em><span style=\"text-decoration: underline;\">Principal investigator<\/span><\/em><br>Funded by the NOI Techpark, Italy<br>August 2020 &#8211; February 2023<\/p>\n\n\n\n<hr class=\"wp-block-separator is-style-wide\"\/>\n\n\n\n<p><span style=\"text-decoration: underline;\"><strong><strong>ODIN: Ontology-driven information modeling<\/strong><\/strong><\/span><br><em><span style=\"text-decoration: underline;\">Co-principal investigator<\/span><\/em><br>Funded by Phortos Consultants, The Netherlands<br>March 2020 &#8211; March 2021<\/p>\n\n\n\n<hr class=\"wp-block-separator is-style-wide\"\/>\n\n\n\n<p><strong><strong>OntoScape: Ontology-based complexity management support for large-scale conceptual models<\/strong><\/strong><br><em><span style=\"text-decoration: underline;\">Principal investigator<\/span><\/em><br>Funded by the Free University of Bozen-Bolzano, Italy<br>January 2020 &#8211; December 2021<\/p>\n\n\n\n<hr class=\"wp-block-separator is-style-wide\"\/>\n\n\n\n<p><strong><strong>RiskGraph: A pattern-based approach for the engineering of large-scale knowledge graphs in the risk management domain<\/strong><\/strong><br><em><span style=\"text-decoration: underline;\"><em>Co-principal investigator<\/em><\/span><\/em><br>Funded by Accenture Israel Cyber R&amp;D Lab, Israel<br>December 2019 &#8211; December 2021<\/p>\n\n\n\n<hr class=\"wp-block-separator is-style-wide\"\/>\n\n\n\n<p><strong><strong>NeXON: Foundations of next-generation ontology-driven conceptual modeling<\/strong><\/strong><br><em>Contributor<\/em><br>Funded by the Free University of Bozen-Bolzano, Italy<br>December 2019 &#8211; November 2022<\/p>\n\n\n\n<hr class=\"wp-block-separator is-style-wide\"\/>\n\n\n\n<p><strong><strong>AlpineAnnotation: A lightweight data format and proof-of-concept for interchanging cul-tural events and ski-resort information<\/strong><\/strong><br><em>Contributor<\/em><br>Funded by NOI Techpark, Italy<br>November 2018 &#8211; June 2020<\/p>\n\n\n\n<hr class=\"wp-block-separator is-style-wide\"\/>\n\n\n\n<p><strong><strong>Semantic annotator<\/strong><\/strong><br><em><span style=\"text-decoration: underline;\">Principal investigator<\/span><\/em><br>Funded by Globosat, Brazil<br>December 2016 &#8211; December 2017<\/p>\n\n\n\n<hr class=\"wp-block-separator is-style-wide\"\/>\n\n\n\n<p><strong>GISSA: <strong>Smart governance of healthcare systems<\/strong><\/strong><br>Original title: Governan\u00e7a inteligente em sistemas de sa\u00fade<br><em>Contributor<\/em><br>Funded by the Brazilian Ministry of Health, Brazil<br>I contributed to this project from April 2015 to October 2015<\/p>\n\n\n\n<hr class=\"wp-block-separator is-style-wide\"\/>\n\n\n\n<p><strong>MGIC: <strong>A model for information and knowledge management<\/strong><\/strong><br>Original title: Modelo de gest\u00e3o da informa\u00e7\u00e3o e conhecimento<br><em>Contributor<\/em><br>Funded by the Brazilian Ground Transportation Agency, Brazil<br>I contributed to this project from January 2012 to June 2014<\/p>\n","protected":false},"excerpt":{"rendered":"<p>RiskGraph2: Ontology-based construction and evolution of risk modeling knowledge graphs ContributorFunded by Accenture Israel Cyber R&amp;D Lab, IsraelJune 2021 &#8211; June 2023 THOR: Thesaurus and ontological representation in healthcarePrincipal investigatorFunded by the Zorginstituut Nederland, The NetherlandsJanuary 2021 &#8211; October 2021 AlpineBits DestinationDataPrincipal investigatorFunded by the NOI Techpark, ItalyAugust 2020 &#8211; February 2023 ODIN: Ontology-driven information &hellip; <\/p>\n<p class=\"link-more\"><a href=\"https:\/\/www.inf.unibz.it\/~tpsales\/projects\/\" class=\"more-link\">Continue reading<span class=\"screen-reader-text\"> &#8220;Projects&#8221;<\/span><\/a><\/p>\n","protected":false},"author":2,"featured_media":0,"parent":0,"menu_order":0,"comment_status":"closed","ping_status":"closed","template":"","meta":{"footnotes":""},"_links":{"self":[{"href":"https:\/\/www.inf.unibz.it\/~tpsales\/wp-json\/wp\/v2\/pages\/167"}],"collection":[{"href":"https:\/\/www.inf.unibz.it\/~tpsales\/wp-json\/wp\/v2\/pages"}],"about":[{"href":"https:\/\/www.inf.unibz.it\/~tpsales\/wp-json\/wp\/v2\/types\/page"}],"author":[{"embeddable":true,"href":"https:\/\/www.inf.unibz.it\/~tpsales\/wp-json\/wp\/v2\/users\/2"}],"replies":[{"embeddable":true,"href":"https:\/\/www.inf.unibz.it\/~tpsales\/wp-json\/wp\/v2\/comments?post=167"}],"version-history":[{"count":33,"href":"https:\/\/www.inf.unibz.it\/~tpsales\/wp-json\/wp\/v2\/pages\/167\/revisions"}],"predecessor-version":[{"id":281,"href":"https:\/\/www.inf.unibz.it\/~tpsales\/wp-json\/wp\/v2\/pages\/167\/revisions\/281"}],"wp:attachment":[{"href":"https:\/\/www.inf.unibz.it\/~tpsales\/wp-json\/wp\/v2\/media?parent=167"}],"curies":[{"name":"wp","href":"https:\/\/api.w.org\/{rel}","templated":true}]}}