{"id":413,"date":"2023-03-26T21:35:44","date_gmt":"2023-03-26T20:35:44","guid":{"rendered":"https:\/\/www.inf.unibz.it\/krdb\/artificial-intelligence-division-of-the-faculty-of-engineering-unibz-italiano\/"},"modified":"2023-03-26T21:54:18","modified_gmt":"2023-03-26T20:54:18","slug":"artificial-intelligence-division-of-the-faculty-of-engineering-unibz-italiano","status":"publish","type":"page","link":"https:\/\/www.inf.unibz.it\/krdb\/artificial-intelligence-division-of-the-faculty-of-engineering-unibz-italiano\/","title":{"rendered":"Divisione di Intelligenza Artificiale della Facolt\u00e0 di Ingegneria @ UniBZ"},"content":{"rendered":"\n<figure class=\"wp-block-image\"><img loading=\"lazy\" decoding=\"async\" width=\"1024\" height=\"448\" src=\"https:\/\/www.inf.unibz.it\/krdb\/wp-content\/uploads\/2023\/02\/Schlern_-_Seiser_Alm_-_September-reduced-1024x448.jpg\" alt=\"\" class=\"wp-image-52\" srcset=\"https:\/\/www.inf.unibz.it\/krdb\/wp-content\/uploads\/2023\/02\/Schlern_-_Seiser_Alm_-_September-reduced-1024x448.jpg 1024w, https:\/\/www.inf.unibz.it\/krdb\/wp-content\/uploads\/2023\/02\/Schlern_-_Seiser_Alm_-_September-reduced-300x131.jpg 300w, https:\/\/www.inf.unibz.it\/krdb\/wp-content\/uploads\/2023\/02\/Schlern_-_Seiser_Alm_-_September-reduced-768x336.jpg 768w, https:\/\/www.inf.unibz.it\/krdb\/wp-content\/uploads\/2023\/02\/Schlern_-_Seiser_Alm_-_September-reduced-1536x671.jpg 1536w, https:\/\/www.inf.unibz.it\/krdb\/wp-content\/uploads\/2023\/02\/Schlern_-_Seiser_Alm_-_September-reduced-2048x895.jpg 2048w\" sizes=\"auto, (max-width: 1024px) 100vw, 1024px\" \/><\/figure>\n\n\n\n<p>Siamo una divisione della <a rel=\"noreferrer noopener\" href=\"https:\/\/www.unibz.it\/it\/faculties\/engineering\/\" target=\"_blank\">Facolt\u00e0 di Ingegneria<\/a> della <a rel=\"noreferrer noopener\" href=\"https:\/\/www.unibz.it\/it\/\" target=\"_blank\">Libera Universit\u00e0 di Bolzano<\/a> (Italia).<\/p>\n\n\n\n<p>La nostra missione \u00e8 far avanzare le frontiere della conoscenza e della tecnologia nel campo dell&#8217;IA e della scienza dei dati, formare e potenziare la prossima generazione di leader dell&#8217;IA e sfruttare l&#8217;IA per risolvere le sfide pi\u00f9 urgenti della nostra societ\u00e0. Siamo guidati da una cultura dell&#8217;eccellenza, dell&#8217;innovazione, dell&#8217;integrit\u00e0, della responsabilit\u00e0 sociale e della diversit\u00e0 che consente ai nostri studenti di diventare studenti per tutta la vita, pensatori critici e risolutori di problemi.<\/p>\n\n\n\n<p>I nostri docenti sono esperti di fama mondiale nei loro campi e lavorano a stretto contatto con i nostri studenti per condurre ricerche all&#8217;avanguardia che hanno un impatto sul mondo reale. La nostra ricerca si concentra su un&#8217;ampia gamma di argomenti nell&#8217;ambito dell&#8217;intelligenza artificiale e della scienza dei dati, come la progettazione, l&#8217;analisi, l&#8217;integrazione, l&#8217;implementazione e la manutenzione di sistemi informativi intelligenti che combinano dati, informazioni, conoscenze e processi; l&#8217;apprendimento automatico da dati grandi e piccoli; la computer vision; l&#8217;analisi e la modellazione di insiemi di dati spazio-temporali; e le basi degli approcci, dei metodi e degli strumenti matematici per indagare le problematiche dei sistemi complessi, da quelli socio-economici a quelli ingegneristici e tecnologici.<\/p>\n\n\n\n<p>Collaboriamo anche con partner industriali e altre istituzioni accademiche per sviluppare soluzioni innovative ad alcune delle sfide pi\u00f9 urgenti del nostro tempo. La nostra strategia di partnership e collaborazione riflette la consapevolezza che la ricerca e lo sviluppo dell&#8217;intelligenza artificiale e della scienza dei dati sono un campo complesso e multidisciplinare che richiede il contributo e le competenze di una serie di soggetti interessati.<\/p>\n\n\n\n<p>Al centro della nostra missione c&#8217;\u00e8 il nostro impegno per la responsabilit\u00e0 sociale e la diversit\u00e0. Crediamo che l&#8217;intelligenza artificiale e la scienza dei dati abbiano il potenziale per trasformare la nostra societ\u00e0 in modi profondi, ma riconosciamo anche che queste tecnologie possono essere usate per perpetuare disuguaglianze e ingiustizie. Per questo motivo ci impegniamo a garantire che i nostri studenti e docenti siano dotati delle conoscenze, delle competenze e dei valori necessari per utilizzare l&#8217;IA e la scienza dei dati per il bene comune.<\/p>\n","protected":false},"excerpt":{"rendered":"<p>Siamo una divisione della Facolt\u00e0 di Ingegneria della Libera Universit\u00e0 di Bolzano (Italia). La nostra missione \u00e8 far avanzare le frontiere della conoscenza e della tecnologia nel campo dell&#8217;IA e della scienza dei dati, formare e potenziare la prossima generazione di leader dell&#8217;IA e sfruttare l&#8217;IA per risolvere le sfide pi\u00f9 urgenti della nostra societ\u00e0.&hellip;<\/p>\n","protected":false},"author":2,"featured_media":0,"parent":0,"menu_order":0,"comment_status":"closed","ping_status":"closed","template":"","meta":{"footnotes":""},"class_list":["post-413","page","type-page","status-publish","hentry","entry","no-media"],"_links":{"self":[{"href":"https:\/\/www.inf.unibz.it\/krdb\/wp-json\/wp\/v2\/pages\/413","targetHints":{"allow":["GET"]}}],"collection":[{"href":"https:\/\/www.inf.unibz.it\/krdb\/wp-json\/wp\/v2\/pages"}],"about":[{"href":"https:\/\/www.inf.unibz.it\/krdb\/wp-json\/wp\/v2\/types\/page"}],"author":[{"embeddable":true,"href":"https:\/\/www.inf.unibz.it\/krdb\/wp-json\/wp\/v2\/users\/2"}],"replies":[{"embeddable":true,"href":"https:\/\/www.inf.unibz.it\/krdb\/wp-json\/wp\/v2\/comments?post=413"}],"version-history":[{"count":1,"href":"https:\/\/www.inf.unibz.it\/krdb\/wp-json\/wp\/v2\/pages\/413\/revisions"}],"predecessor-version":[{"id":416,"href":"https:\/\/www.inf.unibz.it\/krdb\/wp-json\/wp\/v2\/pages\/413\/revisions\/416"}],"wp:attachment":[{"href":"https:\/\/www.inf.unibz.it\/krdb\/wp-json\/wp\/v2\/media?parent=413"}],"curies":[{"name":"wp","href":"https:\/\/api.w.org\/{rel}","templated":true}]}}